{"id":632,"date":"2014-05-22T22:38:29","date_gmt":"2014-05-22T20:38:29","guid":{"rendered":"http:\/\/www.bda-ieo.it\/wordpress\/?page_id=9"},"modified":"2024-02-14T15:47:35","modified_gmt":"2024-02-14T15:47:35","slug":"ricerca","status":"publish","type":"page","link":"https:\/\/bda.ieo.it\/?page_id=632","title":{"rendered":"Ricerca"},"content":{"rendered":"<p>La Banca Dati di composizione degli alimenti per studi Epidemiologici in Italia (BDA) contiene informazioni relative al contenuto di nutrienti e componenti degli alimenti pi\u00f9 comunemente consumati dalla popolazione italiana.<\/p>\n<p style=\"color: #000000;\">E&#8217; possibile cercare nel database in modi differenti:<\/p>\n<ul style=\"color: #000000;\">\n<li><strong><a href=\".\/?page_id=14\">Per nome alimento<\/a>:<\/strong>\u00a0\u00e8 possibile effettuare una ricerca digitando il nome dell&#8217;alimento, il nome scientifico o parti di essi.<\/li>\n<li><strong><a href=\".\/?page_id=87\">Per codice alimento<\/a>:<\/strong>\u00a0\u00e8 possibile effettuare una ricerca digitando il codice identificativo.<\/li>\n<li><strong><a href=\".\/?page_id=96\">Per componente o nutriente<\/a>:<\/strong>\u00a0\u00e8 possibile effettuare una ricerca mirata su uno o pi\u00f9 componenti (al massimo tre), e definendo la quantit\u00e0 (fissa, range,ecc). Una volta estratti gli alimenti di interesse si potr\u00e0 <strong>sortare<\/strong> la lista degli alimenti ottenuta per singolo componente, o in ordine alfabetico, cliccando sulla barra del men\u00f9 in corrispondenza del componente o del nome alimento.<\/li>\n<li><strong><a href=\".\/?page_id=89\">Per categoria merceologica<\/a>:<\/strong> \u00e8 possibile effettuare una ricerca all&#8217;interno delle categorie merceologiche, cliccando sulla categoria corrispondente. Gli alimenti sono raggruppati in 97 categorie merceologiche, cio\u00e8 gruppi di alimenti con caratteristiche simili.<\/li>\n<li><strong><a href=\".\/?page_id=98\">Visualizzazione lista alimenti<\/a>:<\/strong>\u00a0\u00e8 possibile visualizzare tutti gli alimenti inclusi nel database in ordine alfabetico.<\/li>\n<\/ul>\n","protected":false},"excerpt":{"rendered":"<p>La Banca Dati di composizione degli alimenti per studi Epidemiologici in Italia (BDA) contiene informazioni relative al contenuto di nutrienti e componenti degli alimenti pi\u00f9 comunemente consumati dalla popolazione italiana. &#8230;<\/p>\n","protected":false},"author":1,"featured_media":0,"parent":0,"menu_order":0,"comment_status":"closed","ping_status":"closed","template":"","meta":{"footnotes":""},"class_list":["post-632","page","type-page","status-publish","hentry"],"_links":{"self":[{"href":"https:\/\/bda.ieo.it\/index.php?rest_route=\/wp\/v2\/pages\/632","targetHints":{"allow":["GET"]}}],"collection":[{"href":"https:\/\/bda.ieo.it\/index.php?rest_route=\/wp\/v2\/pages"}],"about":[{"href":"https:\/\/bda.ieo.it\/index.php?rest_route=\/wp\/v2\/types\/page"}],"author":[{"embeddable":true,"href":"https:\/\/bda.ieo.it\/index.php?rest_route=\/wp\/v2\/users\/1"}],"replies":[{"embeddable":true,"href":"https:\/\/bda.ieo.it\/index.php?rest_route=%2Fwp%2Fv2%2Fcomments&post=632"}],"version-history":[{"count":6,"href":"https:\/\/bda.ieo.it\/index.php?rest_route=\/wp\/v2\/pages\/632\/revisions"}],"predecessor-version":[{"id":1040,"href":"https:\/\/bda.ieo.it\/index.php?rest_route=\/wp\/v2\/pages\/632\/revisions\/1040"}],"wp:attachment":[{"href":"https:\/\/bda.ieo.it\/index.php?rest_route=%2Fwp%2Fv2%2Fmedia&parent=632"}],"curies":[{"name":"wp","href":"https:\/\/api.w.org\/{rel}","templated":true}]}}