{"id":201,"date":"2015-02-11T14:41:34","date_gmt":"2015-02-11T13:41:34","guid":{"rendered":"http:\/\/www.bda-ieo.it\/wordpress\/?page_id=201"},"modified":"2024-03-14T08:32:16","modified_gmt":"2024-03-14T08:32:16","slug":"curriculum","status":"publish","type":"page","link":"https:\/\/bda.ieo.it\/?page_id=201","title":{"rendered":"Curriculum vitae"},"content":{"rendered":"<p><strong><img loading=\"lazy\" decoding=\"async\" class=\"alignleft wp-image-314\" src=\".\/wp-content\/uploads\/2015\/02\/foto-selzione-1-300x225.jpg\" alt=\"foto-selzione-1\" width=\"104\" height=\"78\" srcset=\"https:\/\/bda.ieo.it\/wp-content\/uploads\/2015\/02\/foto-selzione-1-300x225.jpg 300w, https:\/\/bda.ieo.it\/wp-content\/uploads\/2015\/02\/foto-selzione-1-1024x768.jpg 1024w, https:\/\/bda.ieo.it\/wp-content\/uploads\/2015\/02\/foto-selzione-1-768x576.jpg 768w, https:\/\/bda.ieo.it\/wp-content\/uploads\/2015\/02\/foto-selzione-1-1536x1152.jpg 1536w, https:\/\/bda.ieo.it\/wp-content\/uploads\/2015\/02\/foto-selzione-1-2048x1536.jpg 2048w\" sizes=\"auto, (max-width: 104px) 100vw, 104px\" \/>Patrizia Gnagnarella,\u00a0<\/strong><strong>RD, PhD<\/strong><\/p>\n<p>Dietista, \u00a0ho conseguito\u00a0il diploma in Dietologia e Dietetica Applicata (Universit\u00e0\u00a0 di Pavia, 1990) , la Laurea di primo livello in Dietistica nel 2004 la Laurea Specialistica in Scienze delle Professioni Sanitarie Tecniche-Assistenziali nel 2006 presso la facolt\u00e0 di Medicina e Chirurgia dell&#8217;Universit\u00e0\u00a0 Statale di Pavia e pi\u00f9 recentemente ha conseguito il Dottorato di Ricerca in Psychology, Neuroscience and Data Science sempre presso l&#8217;Universit\u00e0 Statale di Pavia. Diestista di ricerca, mi occupo di aspetti metodologici di epidemiologia nutrizionale e nello sviluppo di strumenti per la determinazione delle abitudini alimentari e dei database di composizione degli alimenti. Dal 1997 lavoro presso la Divisione di Epidemiologia e Biostatistica, dell\u2019Istituto Europeo di Oncologia, Milano, ed sono attualmente il responsabile del progetto del database di composizione degli alimenti per studi epidemiologici in Italia (BDA). Questo progetto collaborativo ha portato alla pubblicazione del libro &#8220;Banca Dati di Composizione degli alimenti per Studi Epidemiologici in Italia&#8221; (finanziato dall&#8217;Associazione Italiana per la Ricerca sul Cancro), nel 1998, e il pi\u00f9 recente aggiornamento, attivit\u00e0 che prosegue in collaborazione con Universit\u00e0 degli Studi di Udine.<\/p>\n<p>Ho preso parte a numerosi studi, tra i quali la Network EuroFIR (European Food Information Resource) nell&#8217;ambito del Sesto Programma Quadro della Commissione Europea, il progetto\u00a0EuroFIR &#8211; Nexus, la COST Action 927, lo Studio COSMOS I e II, e Eurocancercoms. Sono attualmente membro dell&#8217;associazione internazionale no-profit EuroFIR AISBL (Association Internationale Sans Ma Lucratif), in qualit\u00e0 di rappresentante per il gruppo di lavoro BDA, che ha origine dal progetto EuroFIR (European Food Information Resource), una rete di eccellenza focalizzata su risorse informative alimentari.<\/p>\n<p>Sono autore o co-autore di numerose pubblicazioni scientifiche e capitoli di libri, membro dell&#8217;<em>Associazione<\/em>\u00a0tecnico\u00a0<em>Scientifica dell<\/em>&#8216;<em>Alimentazione Nutrizione e Dietetica<\/em> (ASAND) e della Societ\u00e0 Italiana di Nutrizione Umana (SINU).<\/p>\n<p><strong><img loading=\"lazy\" decoding=\"async\" class=\"alignleft wp-image-321\" src=\".\/wp-content\/uploads\/2015\/02\/simonetta_2014-225x300.jpg\" alt=\"simonetta_2014\" width=\"88\" height=\"106\" \/>Simonetta Salvini<br \/>\n<\/strong>Diplomata Dietista nel 1981 presso l&#8217;Universit\u00e0 di Pavia, ho conseguito nel Dicembre 2006 la Laurea Specialistica in Scienze delle Professioni Sanitarie Tecniche Assistenziali (Pisa). Ho maturato esperienza nell&#8217;ambito epidemiologico (studi nutrizionali prospettici e retrospettivi) presso l&#8217;Istituto Tumori di Milano (1982-86), la Harvard School of Public Health e Brigham &amp; Womens Hospital, Boston USA (1986-90), l&#8217;Istituto Europeo di Oncologia di Milano (1991-98) e l&#8217;Istituto per lo Studio e la Prevenzione Oncologica &#8211; ISPO di Firenze (1999-2011).\u00a0Qui\u00a0ho collaborato al progetto EPIC su dieta e tumori (<em>European Prospective Investigation into Cancer and Nutrition<\/em>) e ad altri studi osservazionali e di intervento. \u00a0Ho condotto (in collaborazione con l&#8217;Universit\u00e0 di Firenze, Milano ed Udine) un trial randomizzato su olio extravergine di oliva e danno ossidativo, per il quale ho ottenuto un finanziamento dall&#8217;Associazione Italiana per la Ricerca sul Cancro (AIRC).<\/p>\n<p>Collaboro all&#8217;aggiornamento della Banca Dati di Composizione degli Alimenti per Studi Epidemiologici in Italia, progetto per il quale ho ottenuto nel 1994 un finanziamento triennale dall&#8217;AIRC. Sono titolare di un assegno di ricerca dell&#8217;Universit\u00e0 di Udine, per il progetto NUTRIRETE.lab. \u00a0Collaboro al progetto internazionale\u00a0DO-HEALTH, a progetti della IARC di Lione e con la Lega Tumori (LILT) sezione di Firenze.<\/p>\n<p>Sono autore e coautore di numerose pubblicazioni scientifiche internazionali.<br \/>\nSocia ANDID (<em>Associazione Nazionale Dietisti<\/em>), ADA (<em>Academy of Nutrition and Dietetics<\/em>), SINU (<em>Societ\u00e0 Italiana di Nutrizione Umana<\/em>), EuroFIR AISBL (<em>European Food Information Resource<\/em>) .<br \/>\nLavoro attualmente come libera professionista, sia in ambito di ricerca che in ambito clinico e di educazione alimentare.<\/p>\n<p><strong><a><img loading=\"lazy\" decoding=\"async\" class=\"alignleft wp-image-316\" src=\".\/wp-content\/uploads\/2015\/04\/Firenze-ponte-vecchio-mp-300x225.jpg\" alt=\"Firenze ponte vecchio mp\" width=\"102\" height=\"77\" srcset=\"https:\/\/bda.ieo.it\/wp-content\/uploads\/2015\/04\/Firenze-ponte-vecchio-mp-300x225.jpg 300w, https:\/\/bda.ieo.it\/wp-content\/uploads\/2015\/04\/Firenze-ponte-vecchio-mp-1024x768.jpg 1024w, https:\/\/bda.ieo.it\/wp-content\/uploads\/2015\/04\/Firenze-ponte-vecchio-mp-768x576.jpg 768w, https:\/\/bda.ieo.it\/wp-content\/uploads\/2015\/04\/Firenze-ponte-vecchio-mp-1536x1152.jpg 1536w, https:\/\/bda.ieo.it\/wp-content\/uploads\/2015\/04\/Firenze-ponte-vecchio-mp-2048x1536.jpg 2048w\" sizes=\"auto, (max-width: 102px) 100vw, 102px\" \/><\/a>Maria Parpinel<br \/>\n<\/strong>Laureata in Scienze delle Preparazioni Alimentari presso l&#8217;Universit\u00e0 di Udine nel 1991. Dal 1992 al 2004 ho svolto attivit\u00e0 di ricerca presso il Servizio di Epidemiologia del Centro di Riferimento Oncologico di Aviano (Pordenone), con l&#8217;allora responsabile Dott.ssa Silvia Franceschi: in questo contesto mi sono\u00a0occupata degli aspetti nutrizionali e di composizione degli alimenti nell&#8217;ambito di uno studio retrospettivo, multicentrico, focalizzato sullo studio delle relazioni tra dieta e tumori. Dal 2004 svolgo attivit\u00e0 di ricerca presso l&#8217;Istituto di Igiene ed Epidemiologia dell&#8217;Universit\u00e0 di Udine, diretto dal prof. Fabio Barbone, occupandomi tra le altre cose di rilevazione delle abitudini alimentari e di composizione degli alimenti nell&#8217;ambito di uno studio sugli effetti dell&#8217;assunzione di mercurio sullo sviluppo neurologico del bambino e dell&#8217;aggiornamento della Banca Dati di Composizione degli Alimenti per Studi Epidemiologici in Italia. Partecipo alla Network EuroFIR, European Food Information Resource, nell&#8217;ambito del Sesto Programma Quadro della Commissione Europea. Dal 2005 al 2007 ho collaborato con l&#8217;Agenzia Regionale della Sanit\u00e0 del Friuli Venezia-Giulia in un progetto finalizzato alla prevenzione dell&#8217;obesit\u00e0 infantile e coordinato dall&#8217;Istituto Burlo Garofalo di Trieste, e attualmente continuo a lavorare sulle stesse tematiche nell&#8217;ambito di un gruppo di lavoro multidisciplinare coordinato dall&#8217;Azienda Socio-Sanitaria n\u00b06 di Pordenone.<\/p>\n<p>Da alcuni anni mi occupo di programmi di educazione alimentare, rivolti alla popolazione generale ed in ambito scolastico, e di divulgazione scientifica.\u00a0Sono abilitata dal 1998 all&#8217;esercizio della professione di tecnologo alimentare, e svolgo attivit\u00e0 di libera docenza presso le facolt\u00e0 di Agraria e di Medicina e Chirurgia dell&#8217;Universit\u00e0 degli Studi di Udine. Sono coautore di numerose pubblicazioni scientifiche e membro della SINU (Societ\u00e0 Italiana di Nutrizione Umana), dell&#8217;AITA (Associazione Italiana di Tecnologia Alimentare) e dell&#8217;AIE (Associazione Italiana di Epidemiologia).<\/p>\n","protected":false},"excerpt":{"rendered":"<p>Patrizia Gnagnarella,\u00a0RD, PhD Dietista, \u00a0ho conseguito\u00a0il diploma in Dietologia e Dietetica Applicata (Universit\u00e0\u00a0 di Pavia, 1990) , la Laurea di primo livello in Dietistica nel 2004 la Laurea Specialistica in &#8230;<\/p>\n","protected":false},"author":1,"featured_media":0,"parent":0,"menu_order":0,"comment_status":"closed","ping_status":"closed","template":"","meta":{"footnotes":""},"class_list":["post-201","page","type-page","status-publish","hentry"],"_links":{"self":[{"href":"https:\/\/bda.ieo.it\/index.php?rest_route=\/wp\/v2\/pages\/201","targetHints":{"allow":["GET"]}}],"collection":[{"href":"https:\/\/bda.ieo.it\/index.php?rest_route=\/wp\/v2\/pages"}],"about":[{"href":"https:\/\/bda.ieo.it\/index.php?rest_route=\/wp\/v2\/types\/page"}],"author":[{"embeddable":true,"href":"https:\/\/bda.ieo.it\/index.php?rest_route=\/wp\/v2\/users\/1"}],"replies":[{"embeddable":true,"href":"https:\/\/bda.ieo.it\/index.php?rest_route=%2Fwp%2Fv2%2Fcomments&post=201"}],"version-history":[{"count":5,"href":"https:\/\/bda.ieo.it\/index.php?rest_route=\/wp\/v2\/pages\/201\/revisions"}],"predecessor-version":[{"id":1036,"href":"https:\/\/bda.ieo.it\/index.php?rest_route=\/wp\/v2\/pages\/201\/revisions\/1036"}],"wp:attachment":[{"href":"https:\/\/bda.ieo.it\/index.php?rest_route=%2Fwp%2Fv2%2Fmedia&parent=201"}],"curies":[{"name":"wp","href":"https:\/\/api.w.org\/{rel}","templated":true}]}}