{"id":146,"date":"2015-02-11T10:36:54","date_gmt":"2015-02-11T09:36:54","guid":{"rendered":"http:\/\/www.bda-ieo.it\/wordpress\/?page_id=146"},"modified":"2023-12-21T15:44:58","modified_gmt":"2023-12-21T15:44:58","slug":"condizioni-di-utilizzo","status":"publish","type":"page","link":"https:\/\/bda.ieo.it\/?page_id=146","title":{"rendered":"Condizioni di utilizzo"},"content":{"rendered":"<p>L&#8217;interfaccia di consultazione \u00e8 collegata ad un database che contiene dati indicativi sulla composizione in nutrienti di alcuni alimenti, ed ha l&#8217;obiettivo di rendere pi\u00f9 semplice e rapida la ricerca delle informazioni presenti in BDA.<\/p>\n<p>L&#8217;utilizzatore della banca dati deve sapere che:<\/p>\n<ul>\n<li>\u00a0i dati di composizione degli alimenti tendono a modificarsi e ad &#8220;invecchiare&#8221; con grande rapidit\u00e0 ed \u00e8 pertanto impossibile conoscere in maniera accurata la composizione di un alimento, data anche la grande variabilit\u00e0 esistente tra un campione alimentare e un altro.<\/li>\n<\/ul>\n<ul>\n<li>\u00a0in generale la fonte di ogni singolo dato \u00e8 riportata. Ci scusiamo per eventuali omissioni.<\/li>\n<\/ul>\n<ul>\n<li>\u00a0i dati sono particolarmente adatti a valutazioni nutrizionali su grandi gruppi di popolazione. Per valutazioni pi\u00f9 precise degli introiti alimentari a livello individuale sono necessarie analisi dirette degli alimenti consumati.<\/li>\n<\/ul>\n<ul>\n<li>\u00a0non \u00e8 possibile utilizzare in alcuna forma i dati per fini commerciali senza l&#8217;autorizzazione scritta da parte del gruppo di lavoro.<\/li>\n<\/ul>\n<ul>\n<li>\u00a0l&#8217;utilizzo della BDA, anche a scopi non commerciali, deve essere effettuata riportando la chiara indicazione circa l&#8217;origine dei dati (per la citazione completa vedere area &#8220;<strong><a title=\"Diritti e copyright\" href=\".\/?page_id=148\" target=\"_blank\" rel=\"noopener\">diritti e copyright<\/a><\/strong>&#8220;).<\/li>\n<\/ul>\n<ul>\n<li>\u00a0Il gruppo di lavoro BDA non si assume nessuna responsabilit\u00e0 in merito ad un inappropriato utilizzo dei dati o ad una incorretta applicazione dei nutrienti nel calcolo di diete o in altre stime. Di conseguenza l&#8217;utilizzatore non potr\u00e0 rivalersi in alcun modo nei confronti del gruppo di lavoro BDA per qualsiasi tipo di danno, materiale e morale, derivante da qualsiasi utilizzo dei dati della BDA.<\/li>\n<\/ul>\n<ul>\n<li>\u00a0Il gruppo di lavoro BDA si riserva inoltre il diritto di rivalersi, nelle sedi pi\u00f9 opportune, nei confronti degli utilizzatori che dovessero risultare inadempienti alle presenti condizioni di utilizzo.<\/li>\n<\/ul>\n<ul>\n<li>\u00a0Tutti i dati relativi alla Banca Dati di Composizione degli Alimenti per Studi Epidemiologici in Italia contenuti nel sito della BDA (www.bda-ieo.it) sono protetti dai diritti d&#8217;autore secondo il Decreto Legislativo 6 maggio 1999, n. 169 &#8220;Attuazione della direttiva 96\/9\/CE relativa alla tutela giuridica delle banche di dati&#8221; pubblicato nella Gazzetta Ufficiale n. 138 del 15 giugno 1999 e dalla Direttiva Europea 2001\/29 &#8220;on the harmonisation of certain aspects of copyright and related rights in the information society&#8221; del 22 Maggio 2001.<\/li>\n<\/ul>\n","protected":false},"excerpt":{"rendered":"<p>L&#8217;interfaccia di consultazione \u00e8 collegata ad un database che contiene dati indicativi sulla composizione in nutrienti di alcuni alimenti, ed ha l&#8217;obiettivo di rendere pi\u00f9 semplice e rapida la ricerca &#8230;<\/p>\n","protected":false},"author":1,"featured_media":0,"parent":102,"menu_order":5,"comment_status":"closed","ping_status":"closed","template":"","meta":{"footnotes":""},"class_list":["post-146","page","type-page","status-publish","hentry"],"_links":{"self":[{"href":"https:\/\/bda.ieo.it\/index.php?rest_route=\/wp\/v2\/pages\/146","targetHints":{"allow":["GET"]}}],"collection":[{"href":"https:\/\/bda.ieo.it\/index.php?rest_route=\/wp\/v2\/pages"}],"about":[{"href":"https:\/\/bda.ieo.it\/index.php?rest_route=\/wp\/v2\/types\/page"}],"author":[{"embeddable":true,"href":"https:\/\/bda.ieo.it\/index.php?rest_route=\/wp\/v2\/users\/1"}],"replies":[{"embeddable":true,"href":"https:\/\/bda.ieo.it\/index.php?rest_route=%2Fwp%2Fv2%2Fcomments&post=146"}],"version-history":[{"count":1,"href":"https:\/\/bda.ieo.it\/index.php?rest_route=\/wp\/v2\/pages\/146\/revisions"}],"predecessor-version":[{"id":869,"href":"https:\/\/bda.ieo.it\/index.php?rest_route=\/wp\/v2\/pages\/146\/revisions\/869"}],"up":[{"embeddable":true,"href":"https:\/\/bda.ieo.it\/index.php?rest_route=\/wp\/v2\/pages\/102"}],"wp:attachment":[{"href":"https:\/\/bda.ieo.it\/index.php?rest_route=%2Fwp%2Fv2%2Fmedia&parent=146"}],"curies":[{"name":"wp","href":"https:\/\/api.w.org\/{rel}","templated":true}]}}