{"id":142,"date":"2015-02-11T10:36:15","date_gmt":"2015-02-11T09:36:15","guid":{"rendered":"http:\/\/www.bda-ieo.it\/wordpress\/?page_id=142"},"modified":"2026-02-02T14:35:33","modified_gmt":"2026-02-02T14:35:33","slug":"ultimi-cambiamenti","status":"publish","type":"page","link":"https:\/\/bda.ieo.it\/?page_id=142","title":{"rendered":"Aggiornamenti"},"content":{"rendered":"<p>Il continuo evolversi delle scelte alimentari della popolazione italiana, la presenza sul mercato di alimenti di nuova formulazione e i cambiamenti della composizione degli alimenti dovuti a nuove tecniche di coltura, allevamento, trasformazione e conservazione, rendono necessario un continuo aggiornamento dei dati.\u00a0Il gruppo di lavoro BDA segue una metodologia di compilazione che prevede l\u2019utilizzazione di diverse fonti di dati, dando la precedenza a dati di composizione di origine Italiana.\u00a0Le principali fonti dei dati rimangono le tabelle di composizione degli alimenti <a href=\"https:\/\/www.alimentinutrizione.it\/sezioni\/tabelle-nutrizionali\">CREA<\/a> (EX-INRAN edizione 2000),ma dove opportuno vengono utilizzate anche tabelle straniere e articoli scientifici.<\/p>\n<h4><strong>Aggiornamento 2022 cartaceo e online<\/strong><\/h4>\n<p>I gruppi alimentari aggiornati sono: \u201ccereali, farine, pasta, pane, crackers\u201d; \u201cdolciumi, zucchero, marmellate, gelati\u201d; \u201cbrioches, merendine, biscotti, budini, torte\u201d.<\/p>\n<p>All\u2019interno di queste categorie merceologiche sono stati aggiunti, rispetto alla versione del 1998, i seguenti componenti alimentari: aminoacidi, alcuni acidi grassi (in particolare omega-3), zuccheri semplici, minerali ed elementi in traccia (magnesio, rame, selenio, cloro, iodio, manganese, zolfo), vitamine (acido pantotenico, biotina, vitamina B<sub>12<\/sub>, vitamina K).<\/p>\n<p>A seguire un elenco di alcuni degli alimenti aggiunti rispetto alla versione originaria: tra i <strong>cereali in chicchi<\/strong>: grano saraceno, quinoa (cruda e cotta), farro (crudo e cotto), couscous (crudo e cotto), tre nuove tipologie di riso (venere, rosso, basmati), ecc.; nella sezione del <strong>pane<\/strong>: piadina, pane all\u2019uvetta, pane azzimo, pane a fette e di tipo fast-food, ecc.; nella sezione dei <strong>sostituti del pane<\/strong>: crostini, gallette di riso\/mais\/multicereali, taralli, ecc. Nella sezione del <strong>cioccolato<\/strong>: fondente 70%, bianco con nocciole, al latte con cereali soffiati, ecc.; nella sezione dei <strong>gelati<\/strong>: gelato biscotto, cono panna e cioccolato, gelato al caff\u00e8 in vaschetta, sorbetto con bastoncino liquirizia, ecc.; nella sezione delle <strong>merendine e brioches<\/strong>: merendine a base di pasta frolla con marmellata\/cioccolato, muffin al cioccolato\/ai mirtilli, tipo brioche con crema\/marmellata\/cioccolato, bombolone, ecc.; tra le <strong>torte<\/strong>: torta di mele, pastiera, pandoro, colomba, ecc.; tra i <strong>biscotti<\/strong>: farciti con crema, con tavoletta di cioccolato, con gocce di cioccolato, tipo digestive, cantucci, ricciarelli, ecc.<\/p>\n<p>Tra le voci aggiornate sono incluse numerose ricette: al fine di consentirne il loro aggiornamento abbiamo rivisto la composizione anche di altri alimenti non compresi nei gruppi oggetto dell\u2019aggiornamento iniziale.<\/p>\n<p>I controlli informatici per valutare congruit\u00e0, completezza e correttezza dei dati sono stati potenziati per assicurare una migliore qualit\u00e0 dei dati.<\/p>\n<h4><strong>Aggiornamento 2015 online<\/strong><\/h4>\n<p>I gruppi alimentari aggiornati sono: la <strong>frutta fresca e bacche<\/strong>, la <strong>frutta cotta<\/strong> e <strong>conservata in scatola<\/strong>, la <strong>frutta secca e in guscio<\/strong>, le f<strong>arine di frutta<\/strong> e i <strong>succhi e spremute di frutta<\/strong>. Inoltre \u00e8 stata aggiunta la voce gorgonzola con le noci nella categoria dei latticini. All\u2019interno di queste categorie merceologiche sono stati aggiunti, rispetto alla versione del 1998, i seguenti componenti alimentari: aminoacidi, alcuni acidi grassi (in particolare omega-3), zuccheri semplici, minerali ed elementi in traccia (magnesio, rame, selenio, cloro, iodio, manganese, zolfo), vitamine (acido pantotenico, biotina, vitamina B<sub>12<\/sub>, vitamina K).<\/p>\n<p>Ecco un elenco degli alimenti aggiunti rispetto alla versione originaria: Anona, Feijoa, Guava, Litchi, 7 tipi di mele, Passiflora, 2 tipi di Prugne, Frutta fresca NS, Frutta fresca estiva NS, Frutta fresca invernale NS, Macedonia fresca, Frutta esotica NS, Pesca con buccia; Albicocche sciroppate, Pere, prugne e ciliegie sciroppate, Purea di mela; Albicocche polpa secca e disidratate, Anacardi, Carrube, Castagne bollite e arrostite, Datteri Medjool disidratati, Macadamia, Mandorle secche, Noci Pecan, Pesche secche, Mele e Pesche disidratate, Pistacchio di Bronte DOP, Frutta secca oleaginosa NS, Frutta secca zuccherina NS; Latte di cocco, Succo di frutta ACE, Succo di uva, Succo di frutta NS.<\/p>\n<p>La codifica dei componenti alimentari \u00e8 leggermente cambiata rispetto alla versione 2008, mentre i controlli informatici per valutare congruit\u00e0, completezza e correttezza dei dati sono stati potenziati per assicurare una migliore qualit\u00e0 dei dati.<\/p>\n<h4><strong>Aggiornamento 2008 online<\/strong><\/h4>\n<p>L&#8217;aggiornamento riguarda: <strong>latte e latticini<\/strong>; <strong>carni e pesci<\/strong> (freschi e conservati); <strong>bevande alcoliche e non<\/strong>; <strong>uova<\/strong>; <strong>grassi e condiment<\/strong>i.<\/p>\n<p>Per gli alimenti di questi gruppi sono anche stati inseriti i dati relativi ad aminoacidi, acidi grassi omega-3, zuccheri semplici, vitamina B<sub>12<\/sub>, selenio, iodio.<\/p>\n","protected":false},"excerpt":{"rendered":"<p>Il continuo evolversi delle scelte alimentari della popolazione italiana, la presenza sul mercato di alimenti di nuova formulazione e i cambiamenti della composizione degli alimenti dovuti a nuove tecniche di &#8230;<\/p>\n","protected":false},"author":1,"featured_media":0,"parent":102,"menu_order":3,"comment_status":"closed","ping_status":"closed","template":"","meta":{"footnotes":""},"class_list":["post-142","page","type-page","status-publish","hentry"],"_links":{"self":[{"href":"https:\/\/bda.ieo.it\/index.php?rest_route=\/wp\/v2\/pages\/142","targetHints":{"allow":["GET"]}}],"collection":[{"href":"https:\/\/bda.ieo.it\/index.php?rest_route=\/wp\/v2\/pages"}],"about":[{"href":"https:\/\/bda.ieo.it\/index.php?rest_route=\/wp\/v2\/types\/page"}],"author":[{"embeddable":true,"href":"https:\/\/bda.ieo.it\/index.php?rest_route=\/wp\/v2\/users\/1"}],"replies":[{"embeddable":true,"href":"https:\/\/bda.ieo.it\/index.php?rest_route=%2Fwp%2Fv2%2Fcomments&post=142"}],"version-history":[{"count":1,"href":"https:\/\/bda.ieo.it\/index.php?rest_route=\/wp\/v2\/pages\/142\/revisions"}],"predecessor-version":[{"id":1240,"href":"https:\/\/bda.ieo.it\/index.php?rest_route=\/wp\/v2\/pages\/142\/revisions\/1240"}],"up":[{"embeddable":true,"href":"https:\/\/bda.ieo.it\/index.php?rest_route=\/wp\/v2\/pages\/102"}],"wp:attachment":[{"href":"https:\/\/bda.ieo.it\/index.php?rest_route=%2Fwp%2Fv2%2Fmedia&parent=142"}],"curies":[{"name":"wp","href":"https:\/\/api.w.org\/{rel}","templated":true}]}}