{"id":140,"date":"2015-02-11T10:35:20","date_gmt":"2015-02-11T09:35:20","guid":{"rendered":"http:\/\/www.bda-ieo.it\/wordpress\/?page_id=140"},"modified":"2026-02-02T14:31:07","modified_gmt":"2026-02-02T14:31:07","slug":"i-dati-sulle-schede","status":"publish","type":"page","link":"https:\/\/bda.ieo.it\/?page_id=140","title":{"rendered":"I dati sulle schede"},"content":{"rendered":"\n<p>Tutti i dati di composizione sono riferiti a 100 grammi di parte edibile dell&#8217;alimento, ad eccezione delle bevande alcoliche per le quali sono riferiti a 100 millilitri di bevanda.<\/p>\n\n\n\n<p>Con l\u2019aggiornamento del 2022 la composizione degli alimenti \u00e8 riportata anche per <a href=\".\/?page_id=624\">porzione<\/a>.<\/p>\n\n\n\n<p>La codifica, i testi e la simbologia riportata nelle schede alimento sono in parte cambiati nei passaggi dalla versione 1998 a quella 2008, 2015 e 2022. Per una corretta comprensione ed uso dei dati, accanto alle spiegazioni di seguito riportate sono state evidenziate tutte le novit\u00e0. Ci scusiamo per eventuali omissioni.<\/p>\n\n\n\n<p>&nbsp;<\/p>\n\n\n\n<p>Ogni alimento \u00e8 presentato su una singola scheda, anche in formato stampabile e cos\u00ec strutturata:<br><strong><a href=\".\/wp-content\/uploads\/2023\/05\/scheda-alimento-spiegata-BDA22-ita.pdf\" target=\"_blank\" rel=\"noopener\">Scarica la guida alla lettura dei dati sulla scheda&gt;&gt;&gt;<\/a><\/strong><\/p>\n\n\n\n<p><strong>Codice alimento<\/strong>: identificativo numerico dell&#8217;alimento.<\/p>\n\n\n\n<p><strong>Nome alimento<\/strong>: nome dell&#8217;alimento per esteso, pu\u00f2 contenere tra parentesi il nome scientifico.<\/p>\n\n\n\n<p><strong>Note alimento<\/strong>: contengono informazioni aggiuntive utili per migliorare l\u2019identificazione dell\u2019alimento (es. definizioni merceologiche, sinonimi, esatto nome dell\u2019alimento presente nella tabella di origine, tagli e\/o pezzature particolari, ingredienti nel caso di ricette e\/o di prodotti confezionati, ecc.).<\/p>\n\n\n\n<p><strong>Logo<\/strong>: indica quale versione del database si sta visualizzando. La mela viola indica l\u2019aggiornamento del 2022, la mela blu quello del 2015, la mela verde quello del 2008 e la mela rossa indica la prima versione pubblicata (<a title=\"Bibliografia Generale\" href=\".\/?page_id=277\" target=\"_blank\" rel=\"noopener\">Salvini et al, 1998<\/a>).<\/p>\n\n\n\n<p><strong>Categoria Merceologica<\/strong>: riconduce a categorie omogenee di appartenenza e viene mostrata sia come codice sia come nome per esteso. Gli alimenti sono stati raggruppati in 97 diverse categorie merceologiche.<\/p>\n\n\n\n<p><a title=\"Tabella componenti\" href=\".\/?page_id=168\" target=\"_blank\" rel=\"noopener\"><strong>Componenti alimentari<\/strong><\/a>: sono suddivisi in 7 raggruppamenti: componenti principali, minerali ed elementi in traccia, vitamine idrosolubili, vitamine liposolubili, acidi grassi, aminoacidi, zuccheri.<\/p>\n\n\n\n<p>Nella scheda compaiono solo i componenti per i quali \u00e8 disponibile un valore.<\/p>\n\n\n\n<p><a title=\"Tabella componenti\" href=\".\/?page_id=168\" target=\"_blank\" rel=\"noopener\"><strong>Unit\u00e0 di misura<\/strong><\/a>: \u00e8 definita in base alle indicazioni internazionali (<a title=\"Bibliografia Generale\" href=\".\/?page_id=277\" target=\"_blank\" rel=\"noopener\">Greenfield &amp; Southgate, 2003<\/a>) ed \u00e8 presente accanto al nome del componente.<\/p>\n\n\n\n<p><a title=\"Tabella componenti\" href=\".\/?page_id=168\" target=\"_blank\" rel=\"noopener\"><strong>Valore del componente<\/strong><\/a>: nel caso di quantit\u00e0 minime, non rilevate dai metodi analitici utilizzati\/dichiarati, o di quantit\u00e0 inferiori al limite di cifre decimali previsto (tabella componenti) il valore viene definito come &#8220;in tracce&#8221; ed esplicitato con la simbologia tr. <span style=\"text-decoration: underline;\"><strong>Se il valore \u00e8 mancante il componente non compare nella scheda.<\/strong><\/span><\/p>\n\n\n\n<p><strong>Fonte<\/strong>: codice che rappresenta la fonte bibliografica da cui \u00e8 stato tratto il dato. Posizionandosi con il cursore viene visualizzata la referenza completa.<\/p>\n\n\n\n<p><strong>Codice<\/strong>: riporta l&#8217;identificativo dell&#8217;alimento presente nella fonte bibliografica utilizzata.<\/p>\n\n\n\n<p><strong>Classe<\/strong>: indica la modalit\u00e0 di stima adottata per trattare i dati provenienti da un&#8217;altra fonte bibliografica o da un altro alimento, cio\u00e8 se e come \u00e8 stato modificato (riproporzionato e\/o calcolato) oppure se \u00e8 rimasto invariato.<\/p>\n\n\n\n<p>Posizionandosi con il cursore viene visualizzata la spiegazione. Per gli alimenti BDA98 questo codice non \u00e8 riportato e l&#8217;informazione relativa a come \u00e8 stato trattato il componente \u00e8 riportata nel campo &#8220;Note&#8221;.<\/p>\n\n\n\n<figure class=\"wp-block-table\"><table class=\"has-fixed-layout\"><tbody><tr><td><strong>Codice Classe<\/strong><\/td><td><strong>Descrizione<\/strong><\/td><\/tr><tr><td>1<\/td><td>Riproporzionamento semplice (sulla sostanza secca) o doppio riproporzionamento (su sostanza secca e lipidi).&nbsp;Negli aggiornamenti del 2008, 2015 e 2022 i riproporzionamenti sono stati fatti meno frequentemente, valutando caso per caso se applicare il riproporzionamento o se considerare l\u2019alimento come alimento simile.<\/td><\/tr><tr><td>2<\/td><td>Alimento simile, valori invariati.&nbsp;Nell\u2019aggiornamento del 2022 gli alimenti provenienti da altri database sono stati considerati generalmente come alimenti simili.<\/td><\/tr><tr><td>3A<\/td><td>Calcoli basati su un profilo di riferimento, utilizzando un alimento simile, per: singoli acidi grassi, singoli glucidi solubili, singoli aminoacidi, \u03b2-carotene e retinolo, proteine e lipidi animali\/vegetali, rapporto glucidi solubili\/amido<\/td><\/tr><tr><td>3B<\/td><td>Calcoli basati su un profilo di riferimento, utilizzando un alimento con stesse caratteristiche (stesso alimento), per: singoli acidi grassi, singoli glucidi solubili, singoli aminoacidi, \u03b2-carotene e retinolo, proteine e lipidi animali\/vegetali, rapporto glucidi solubili\/amido<\/td><\/tr><tr><td>4A<\/td><td>Calcoli basati sull&#8217;utilizzo di un fattore\/valore proveniente da alimento simile: glucidi disponibili da tabelle USDA (cio\u00e8 come glucidi totali meno fibra), proteine pure, ricalcolo amido dalla tabella INRAN (1997 e 2000) e dalle tabelle CREA-AN del 2019, ricalcolo \u03b2-carotene equivalente, retinolo o retinolo equivalente da USDA O McCance, ricalcolo \u03b1-tocoferolo equivalente dai singoli tocoferoli o tocotrienoli, Na e Cl da Cloruro di Sodio da etichetta.<\/td><\/tr><tr><td>4B<\/td><td>Calcoli basati sull&#8217;utilizzo di un fattore\/valore utilizzando un alimento con stesse caratteristiche (stesso alimento) per: glucidi disponibili da tabelle USDA (cio\u00e8 come glucidi totali meno fibra), proteine pure, ricalcolo amido dalla tabella INRAN (1997 e 2000), e CREA-AN del 2019, ricalcolo \u03b2-carotene equivalente, retinolo o retinolo equivalente da USDA o McCance, ricalcolo \u03b1-tocoferolo equivalente dai singoli tocoferoli o tocotrienoli,&nbsp;Na e Cl da Cloruro di Sodio da etichetta.<\/td><\/tr><tr><td>5<\/td><td>Media di pi\u00f9 valori<\/td><\/tr><tr><td>6<\/td><td>Valore originario invariato<\/td><\/tr><tr><td>6B<\/td><td>Valore originario invariato, ma vi sono differenze &gt; 10% di sostanza secca e\/o lipidi<\/td><\/tr><\/tbody><\/table><\/figure>\n\n\n\n<p><strong>Note<\/strong>: riportano il nome dell&#8217;alimento da cui provengono i dati, la composizione principale (in genere macronutrienti), il valore del componente in origine, quando ricalcolato, ed eventuali commenti relativi alle stime e\/o ai calcoli effettuati. Nel caso in cui il dato sia riferito ad un alimento con composizione simile, in nota \u00e8 riportato solo il nome dell&#8217;alimento utilizzato ed i macronutrienti. Nelle Note sono anche riportate le ricette (o formulazioni) relative alla composizione di alcuni piatti e\/o alimenti nel caso in cui siano state utilizzate per stime riferite al contenuto di pochi componenti e non dell&#8217;intero alimento. In questo ultimo caso infatti la ricetta o formulazione si trova nel campo &#8220;Note Alimento&#8221; (vedi sopra).<\/p>\n\n\n\n<p>Nella versione 1998 e 2008 la nota &#8220;completa&#8221; (contenente il nome alimento e la composizione principale) non \u00e8 mai ripetuta, ma \u00e8 riportata una sola volta. In genere questo campo risulta completato solo per il primo componente per il quale i dati provengono da una fonte diversa da quella della composizione di base dell&#8217;alimento. Di conseguenza le note successive (se riferite alla stessa fonte, stesso codice e stessa classe) possono risultare vuote (nel caso di un alimento simile), oppure possono contenere solo il valore originale del dato (quando ricalcolato), oppure possono contenere commenti specifici per il componente a cui la nota appartiene.<\/p>\n\n\n\n<p>Di seguito sono riportate le principali abbreviazioni utilizzate in questo campo solo nella versione BDA98:<br>AG = Acidi grassi<br>APP = Appendice<br><span style=\"font-size: revert;\">CALC = Componente alimentare calcolato<br><\/span>CRO = Centro di Riferimento Oncologico &#8211; Aviano<br>EC = Errata corrige<br>FC = Fattore di conversione<br>GD = Glucidi (carboidrati) disponibili<br>GS = Glucidi (carboidrati) solubili<br>NCP insol = Polisaccaridi non cellulosici insolubili<br>NCP sol = Polisaccaridi non cellulosici solubili<br>PAG oppure PG = Pagina<br>RIPR = Componente alimentare riproporzionato<\/p>\n\n\n\n<p>Nella versione 2008 il campo &#8220;Note&#8221; riporta informazioni meno dettagliate perch\u00e9 sostituite e completate dalle informazioni codificate nel campo &#8220;Classe&#8221; (vedi sopra).<\/p>\n\n\n\n<p>Nella versione 2015 e 2022 la nota \u201ccompleta\u201d viene sempre ripetuta per tutti i componenti per i quali i dati provengono da una fonte diversa da quella dell\u2019alimento di base. Tale nota comprende il nome dell\u2019alimento da cui provengono i dati, i macronutrienti di questo utilizzando le abbreviazioni ufficiali di EuroFIR per i componenti Acqua, Proteine, Lipidi, Carboidrati, Amido e Zuccheri ove disponibili e il valore ricalcolato.<\/p>\n\n\n\n<p>Alcuni esempi di nota:<br><em>Strawberries, Raw [Morus Nigra] WATER 90.95g, PROT 0.67g, FAT 0.3g, CHO 5.68g, SUGAR 4.89g, STARCH 0.04g, SER 0.025g<br><\/em><em>Bananas WATER 75.1g, PROT 1.2g, FAT 0.3g, CHO 23.2g, SUGAR 20.9g, STARCH 2.3g, GLUS 4.8g<\/em><\/p>\n\n\n\n<p><\/p>\n","protected":false},"excerpt":{"rendered":"<p>Tutti i dati di composizione sono riferiti a 100 grammi di parte edibile dell&#8217;alimento, ad eccezione delle bevande alcoliche per le quali sono riferiti a 100 millilitri di bevanda. Con &#8230;<\/p>\n","protected":false},"author":1,"featured_media":0,"parent":102,"menu_order":2,"comment_status":"closed","ping_status":"closed","template":"","meta":{"footnotes":""},"class_list":["post-140","page","type-page","status-publish","hentry"],"_links":{"self":[{"href":"https:\/\/bda.ieo.it\/index.php?rest_route=\/wp\/v2\/pages\/140","targetHints":{"allow":["GET"]}}],"collection":[{"href":"https:\/\/bda.ieo.it\/index.php?rest_route=\/wp\/v2\/pages"}],"about":[{"href":"https:\/\/bda.ieo.it\/index.php?rest_route=\/wp\/v2\/types\/page"}],"author":[{"embeddable":true,"href":"https:\/\/bda.ieo.it\/index.php?rest_route=\/wp\/v2\/users\/1"}],"replies":[{"embeddable":true,"href":"https:\/\/bda.ieo.it\/index.php?rest_route=%2Fwp%2Fv2%2Fcomments&post=140"}],"version-history":[{"count":8,"href":"https:\/\/bda.ieo.it\/index.php?rest_route=\/wp\/v2\/pages\/140\/revisions"}],"predecessor-version":[{"id":1237,"href":"https:\/\/bda.ieo.it\/index.php?rest_route=\/wp\/v2\/pages\/140\/revisions\/1237"}],"up":[{"embeddable":true,"href":"https:\/\/bda.ieo.it\/index.php?rest_route=\/wp\/v2\/pages\/102"}],"wp:attachment":[{"href":"https:\/\/bda.ieo.it\/index.php?rest_route=%2Fwp%2Fv2%2Fmedia&parent=140"}],"curies":[{"name":"wp","href":"https:\/\/api.w.org\/{rel}","templated":true}]}}